{"id":67,"date":"2016-12-22T17:33:50","date_gmt":"2016-12-22T14:33:50","guid":{"rendered":"http:\/\/www.puntopr.com\/?page_id=67"},"modified":"2020-01-21T00:01:32","modified_gmt":"2020-01-20T21:01:32","slug":"ana-sayfa","status":"publish","type":"page","link":"http:\/\/www.puntopr.com\/","title":{"rendered":"Ana Sayfa"},"content":{"rendered":"<p>[et_pb_section fb_built=&#8221;1&#8243; admin_label=&#8221;B\u00f6l\u00fcm&#8221; _builder_version=&#8221;3.22&#8243;][et_pb_row admin_label=&#8221;Sat\u0131r&#8221; _builder_version=&#8221;3.25&#8243; background_size=&#8221;initial&#8221; background_position=&#8221;top_left&#8221; background_repeat=&#8221;repeat&#8221;][et_pb_column type=&#8221;4_4&#8243; _builder_version=&#8221;3.25&#8243; custom_padding=&#8221;|||&#8221; custom_padding__hover=&#8221;|||&#8221;][et_pb_slider show_pagination=&#8221;off&#8221; show_image_video_mobile=&#8221;on&#8221; disabled_on=&#8221;off|off|&#8221; admin_label=&#8221;Kayd\u00fdr\u00fdc\u00fd&#8221; _builder_version=&#8221;3.16&#8243; custom_padding=&#8221;500px|0px||0px&#8221; custom_padding_tablet=&#8221;|||&#8221; custom_padding_phone=&#8221;|||&#8221; box_shadow_style=&#8221;preset6&#8243; box_shadow_blur=&#8221;10px&#8221; box_shadow_color=&#8221;rgba(0,0,0,0.1)&#8221; top_padding=&#8221;500px&#8221; top_padding_tablet=&#8221;&#8221; top_padding_phone=&#8221;&#8221; top_padding_last_edited=&#8221;on|desktop&#8221; remove_inner_shadow=&#8221;off&#8221; hide_content_on_mobile=&#8221;off&#8221; hide_cta_on_mobile=&#8221;off&#8221; show_inner_shadow=&#8221;on&#8221; button_letter_spacing_hover=&#8221;0&#8243; saved_tabs=&#8221;all&#8221; button_text_size__hover_enabled=&#8221;off&#8221; button_one_text_size__hover_enabled=&#8221;off&#8221; button_two_text_size__hover_enabled=&#8221;off&#8221; button_text_color__hover_enabled=&#8221;off&#8221; button_one_text_color__hover_enabled=&#8221;off&#8221; button_two_text_color__hover_enabled=&#8221;off&#8221; button_border_width__hover_enabled=&#8221;off&#8221; button_one_border_width__hover_enabled=&#8221;off&#8221; button_two_border_width__hover_enabled=&#8221;off&#8221; button_border_color__hover_enabled=&#8221;off&#8221; button_one_border_color__hover_enabled=&#8221;off&#8221; button_two_border_color__hover_enabled=&#8221;off&#8221; button_border_radius__hover_enabled=&#8221;off&#8221; button_one_border_radius__hover_enabled=&#8221;off&#8221; button_two_border_radius__hover_enabled=&#8221;off&#8221; button_letter_spacing__hover_enabled=&#8221;on&#8221; button_letter_spacing__hover=&#8221;0&#8243; button_one_letter_spacing__hover_enabled=&#8221;off&#8221; button_two_letter_spacing__hover_enabled=&#8221;off&#8221; button_bg_color__hover_enabled=&#8221;off&#8221; button_one_bg_color__hover_enabled=&#8221;off&#8221; button_two_bg_color__hover_enabled=&#8221;off&#8221;][et_pb_slide use_bg_overlay=&#8221;off&#8221; use_text_overlay=&#8221;off&#8221; _builder_version=&#8221;3.16&#8243; header_font=&#8221;||||&#8221; body_font=&#8221;||||&#8221; background_color=&#8221;#ffffff&#8221; background_video_mp4=&#8221;http:\/\/www.puntopr.com\/wp-content\/uploads\/2016\/12\/q3.mp4&#8243; button_icon_placement=&#8221;right&#8221; button_on_hover=&#8221;on&#8221; video_bg_mp4=&#8221;http:\/\/www.puntopr.com\/wp-content\/uploads\/2016\/12\/q3.mp4&#8243; button_text_size__hover_enabled=&#8221;off&#8221; button_one_text_size__hover_enabled=&#8221;off&#8221; button_two_text_size__hover_enabled=&#8221;off&#8221; button_text_color__hover_enabled=&#8221;off&#8221; button_one_text_color__hover_enabled=&#8221;off&#8221; button_two_text_color__hover_enabled=&#8221;off&#8221; button_border_width__hover_enabled=&#8221;off&#8221; button_one_border_width__hover_enabled=&#8221;off&#8221; button_two_border_width__hover_enabled=&#8221;off&#8221; button_border_color__hover_enabled=&#8221;off&#8221; button_one_border_color__hover_enabled=&#8221;off&#8221; button_two_border_color__hover_enabled=&#8221;off&#8221; button_border_radius__hover_enabled=&#8221;off&#8221; button_one_border_radius__hover_enabled=&#8221;off&#8221; button_two_border_radius__hover_enabled=&#8221;off&#8221; button_letter_spacing__hover_enabled=&#8221;off&#8221; button_one_letter_spacing__hover_enabled=&#8221;off&#8221; button_two_letter_spacing__hover_enabled=&#8221;off&#8221; button_bg_color__hover_enabled=&#8221;off&#8221; button_one_bg_color__hover_enabled=&#8221;off&#8221; button_two_bg_color__hover_enabled=&#8221;off&#8221;] [\/et_pb_slide][\/et_pb_slider][\/et_pb_column][\/et_pb_row][\/et_pb_section][et_pb_section fb_built=&#8221;1&#8243; admin_label=&#8221;B\u00f6l\u00fcm&#8221; _builder_version=&#8221;3.22&#8243;][et_pb_row admin_label=&#8221;Sat\u0131r&#8221; _builder_version=&#8221;3.25&#8243; background_size=&#8221;initial&#8221; background_position=&#8221;top_left&#8221; background_repeat=&#8221;repeat&#8221;][et_pb_column type=&#8221;4_4&#8243; _builder_version=&#8221;3.25&#8243; custom_padding=&#8221;|||&#8221; custom_padding__hover=&#8221;|||&#8221;][et_pb_text admin_label=&#8221;Metin&#8221; _builder_version=&#8221;3.27.4&#8243; background_size=&#8221;initial&#8221; background_position=&#8221;top_left&#8221; background_repeat=&#8221;repeat&#8221; text_orientation=&#8221;center&#8221; module_alignment=&#8221;center&#8221; use_border_color=&#8221;off&#8221; border_color=&#8221;#ffffff&#8221; border_style=&#8221;solid&#8221;]<\/p>\n<h3>Punto PR&#8217; \u0131n Yol Arkada\u015flar\u0131na Kazand\u0131rd\u0131klar\u0131<\/h3>\n<p>[\/et_pb_text][\/et_pb_column][\/et_pb_row][et_pb_row admin_label=&#8221;Sat\u0131r&#8221; _builder_version=&#8221;3.25&#8243; background_size=&#8221;initial&#8221; background_position=&#8221;top_left&#8221; background_repeat=&#8221;repeat&#8221; column_structure=&#8221;1_4,1_4,1_4,1_4&#8243;][et_pb_column type=&#8221;1_4&#8243; _builder_version=&#8221;3.25&#8243; custom_padding=&#8221;|||&#8221; custom_padding__hover=&#8221;|||&#8221;][et_pb_circle_counter title=&#8221;Medya G\u00f6r\u00fcn\u00fcrl\u00fc\u011f\u00fc&#8221; number=&#8221;100&#8243; bar_bg_color=&#8221;#000000&#8243; admin_label=&#8221;Daire 1&#8243; _builder_version=&#8221;3.0.47&#8243;] [\/et_pb_circle_counter][\/et_pb_column][et_pb_column type=&#8221;1_4&#8243; _builder_version=&#8221;3.25&#8243; custom_padding=&#8221;|||&#8221; custom_padding__hover=&#8221;|||&#8221;][et_pb_circle_counter title=&#8221;Prestij&#8221; number=&#8221;90&#8243; bar_bg_color=&#8221;#000000&#8243; admin_label=&#8221;Daire 2&#8243; _builder_version=&#8221;3.0.47&#8243;] [\/et_pb_circle_counter][\/et_pb_column][et_pb_column type=&#8221;1_4&#8243; _builder_version=&#8221;3.25&#8243; custom_padding=&#8221;|||&#8221; custom_padding__hover=&#8221;|||&#8221;][et_pb_circle_counter title=&#8221;M\u00fc\u015fteri Memnuniyeti&#8221; number=&#8221;95&#8243; bar_bg_color=&#8221;#000000&#8243; admin_label=&#8221;Daire 3&#8243; _builder_version=&#8221;3.0.47&#8243;] [\/et_pb_circle_counter][\/et_pb_column][et_pb_column type=&#8221;1_4&#8243; _builder_version=&#8221;3.25&#8243; custom_padding=&#8221;|||&#8221; custom_padding__hover=&#8221;|||&#8221;][et_pb_circle_counter title=&#8221;Marka G\u00fcvenilirli\u011fi&#8221; number=&#8221;90&#8243; bar_bg_color=&#8221;#000000&#8243; admin_label=&#8221;Daire 4&#8243; _builder_version=&#8221;3.0.47&#8243;] [\/et_pb_circle_counter][\/et_pb_column][\/et_pb_row][et_pb_row admin_label=&#8221;Sat\u0131r&#8221; _builder_version=&#8221;3.25&#8243; background_size=&#8221;initial&#8221; background_position=&#8221;top_left&#8221; background_repeat=&#8221;repeat&#8221; column_structure=&#8221;1_2,1_2&#8243;][et_pb_column type=&#8221;1_2&#8243; _builder_version=&#8221;3.25&#8243; custom_padding=&#8221;|||&#8221; custom_padding__hover=&#8221;|||&#8221;][et_pb_blurb use_icon=&#8221;on&#8221; font_icon=&#8221;%%57%%&#8221; icon_color=&#8221;#e09900&#8243; use_circle=&#8221;on&#8221; circle_color=&#8221;#ffffff&#8221; use_circle_border=&#8221;on&#8221; circle_border_color=&#8221;#e09900&#8243; icon_placement=&#8221;left&#8221; admin_label=&#8221;\u00ddlan&#8221; _builder_version=&#8221;3.0.87&#8243; background_size=&#8221;initial&#8221; background_position=&#8221;top_left&#8221; background_repeat=&#8221;repeat&#8221; use_border_color=&#8221;off&#8221; border_color=&#8221;#ffffff&#8221; border_style=&#8221;solid&#8221; saved_tabs=&#8221;all&#8221;]<\/p>\n<h2><b>NEDEN B\u0130Z ?<\/b><\/h2>\n<p>[\/et_pb_blurb][\/et_pb_column][et_pb_column type=&#8221;1_2&#8243; _builder_version=&#8221;3.25&#8243; custom_padding=&#8221;|||&#8221; custom_padding__hover=&#8221;|||&#8221;][\/et_pb_column][\/et_pb_row][et_pb_row admin_label=&#8221;Sat\u0131r&#8221; _builder_version=&#8221;3.25&#8243; background_size=&#8221;initial&#8221; background_position=&#8221;top_left&#8221; background_repeat=&#8221;repeat&#8221;][et_pb_column type=&#8221;4_4&#8243; _builder_version=&#8221;3.25&#8243; custom_padding=&#8221;|||&#8221; custom_padding__hover=&#8221;|||&#8221;][et_pb_text admin_label=&#8221;Metin&#8221; _builder_version=&#8221;3.27.4&#8243; background_size=&#8221;initial&#8221; background_position=&#8221;top_left&#8221; background_repeat=&#8221;repeat&#8221; use_border_color=&#8221;off&#8221; border_color=&#8221;#ffffff&#8221; border_style=&#8221;solid&#8221; saved_tabs=&#8221;all&#8221;]\u00c7\u00fcnk\u00fc, <b>&#8220;haberi en iyi haberciler yapar&#8221;<\/b><\/p>\n<p>Ulusal bas\u0131n yay\u0131n organlar\u0131nda yer alabilmenin yolu; do\u011fru haberleri haz\u0131rlayarak yay\u0131nc\u0131 kurulu\u015flarda do\u011fru ki\u015filere sunmaktan ge\u00e7mektedir. Punto PR, haberin i\u00e7inden gelen ekibiyle size hem i\u015fletmenizin mevcut projeleri ve geli\u015fen imkanlar\u0131n\u0131n nas\u0131l haber olmas\u0131 gerekti\u011fi konusunda dan\u0131\u015fmanl\u0131k verir hem de bu haberlerin televizyon, gazete, dergi ve internet sitelerinde yer almas\u0131n\u0131 sa\u011flar. Bu nedenle PUNTO PR, medya dan\u0131\u015fmanl\u0131\u011f\u0131nda etkili bir yol arkada\u015f\u0131d\u0131r.<br \/>\n[\/et_pb_text][et_pb_slider show_pagination=&#8221;off&#8221; show_image_video_mobile=&#8221;on&#8221; disabled_on=&#8221;off|off|&#8221; admin_label=&#8221;Kayd\u00fdr\u00fdc\u00fd&#8221; _builder_version=&#8221;3.16&#8243; custom_padding=&#8221;500px|0px||0px&#8221; custom_padding_tablet=&#8221;|||&#8221; custom_padding_phone=&#8221;|||&#8221; box_shadow_style=&#8221;preset6&#8243; box_shadow_blur=&#8221;10px&#8221; box_shadow_color=&#8221;rgba(0,0,0,0.1)&#8221; top_padding=&#8221;500px&#8221; top_padding_tablet=&#8221;&#8221; top_padding_phone=&#8221;&#8221; top_padding_last_edited=&#8221;on|desktop&#8221; remove_inner_shadow=&#8221;off&#8221; hide_content_on_mobile=&#8221;off&#8221; hide_cta_on_mobile=&#8221;off&#8221; show_inner_shadow=&#8221;on&#8221; button_letter_spacing_hover=&#8221;0&#8243; saved_tabs=&#8221;all&#8221; button_text_size__hover_enabled=&#8221;off&#8221; button_one_text_size__hover_enabled=&#8221;off&#8221; button_two_text_size__hover_enabled=&#8221;off&#8221; button_text_color__hover_enabled=&#8221;off&#8221; button_one_text_color__hover_enabled=&#8221;off&#8221; button_two_text_color__hover_enabled=&#8221;off&#8221; button_border_width__hover_enabled=&#8221;off&#8221; button_one_border_width__hover_enabled=&#8221;off&#8221; button_two_border_width__hover_enabled=&#8221;off&#8221; button_border_color__hover_enabled=&#8221;off&#8221; button_one_border_color__hover_enabled=&#8221;off&#8221; button_two_border_color__hover_enabled=&#8221;off&#8221; button_border_radius__hover_enabled=&#8221;off&#8221; button_one_border_radius__hover_enabled=&#8221;off&#8221; button_two_border_radius__hover_enabled=&#8221;off&#8221; button_letter_spacing__hover_enabled=&#8221;on&#8221; button_letter_spacing__hover=&#8221;0&#8243; button_one_letter_spacing__hover_enabled=&#8221;off&#8221; button_two_letter_spacing__hover_enabled=&#8221;off&#8221; button_bg_color__hover_enabled=&#8221;off&#8221; button_one_bg_color__hover_enabled=&#8221;off&#8221; button_two_bg_color__hover_enabled=&#8221;off&#8221;][et_pb_slide use_bg_overlay=&#8221;off&#8221; use_text_overlay=&#8221;off&#8221; _builder_version=&#8221;3.16&#8243; header_font=&#8221;||||&#8221; body_font=&#8221;||||&#8221; background_color=&#8221;#ffffff&#8221; background_video_mp4=&#8221;http:\/\/www.puntopr.com\/wp-content\/uploads\/2016\/12\/punto.mov&#8221; button_icon_placement=&#8221;right&#8221; button_on_hover=&#8221;on&#8221; video_bg_mp4=&#8221;http:\/\/www.puntopr.com\/wp-content\/uploads\/2016\/12\/punto.mov&#8221; button_text_size__hover_enabled=&#8221;off&#8221; button_one_text_size__hover_enabled=&#8221;off&#8221; button_two_text_size__hover_enabled=&#8221;off&#8221; button_text_color__hover_enabled=&#8221;off&#8221; button_one_text_color__hover_enabled=&#8221;off&#8221; button_two_text_color__hover_enabled=&#8221;off&#8221; button_border_width__hover_enabled=&#8221;off&#8221; button_one_border_width__hover_enabled=&#8221;off&#8221; button_two_border_width__hover_enabled=&#8221;off&#8221; button_border_color__hover_enabled=&#8221;off&#8221; button_one_border_color__hover_enabled=&#8221;off&#8221; button_two_border_color__hover_enabled=&#8221;off&#8221; button_border_radius__hover_enabled=&#8221;off&#8221; button_one_border_radius__hover_enabled=&#8221;off&#8221; button_two_border_radius__hover_enabled=&#8221;off&#8221; button_letter_spacing__hover_enabled=&#8221;off&#8221; button_one_letter_spacing__hover_enabled=&#8221;off&#8221; button_two_letter_spacing__hover_enabled=&#8221;off&#8221; button_bg_color__hover_enabled=&#8221;off&#8221; button_one_bg_color__hover_enabled=&#8221;off&#8221; button_two_bg_color__hover_enabled=&#8221;off&#8221;] [\/et_pb_slide][\/et_pb_slider][\/et_pb_column][\/et_pb_row][\/et_pb_section][et_pb_section fb_built=&#8221;1&#8243; admin_label=&#8221;B\u00f6l\u00fcm&#8221; _builder_version=&#8221;3.22&#8243;][et_pb_row admin_label=&#8221;Sat\u0131r&#8221; _builder_version=&#8221;3.25&#8243; background_size=&#8221;initial&#8221; background_position=&#8221;top_left&#8221; background_repeat=&#8221;repeat&#8221; column_structure=&#8221;1_2,1_2&#8243;][et_pb_column type=&#8221;1_2&#8243; _builder_version=&#8221;3.25&#8243; custom_padding=&#8221;|||&#8221; custom_padding__hover=&#8221;|||&#8221;][et_pb_text admin_label=&#8221;Metin&#8221; _builder_version=&#8221;3.27.4&#8243; background_size=&#8221;initial&#8221; background_position=&#8221;top_left&#8221; background_repeat=&#8221;repeat&#8221; use_border_color=&#8221;off&#8221; border_color=&#8221;#ffffff&#8221; border_style=&#8221;solid&#8221;] [\/et_pb_text][et_pb_image src=&#8221;http:\/\/www.puntopr.com\/wp-content\/uploads\/2016\/12\/prr.png&#8221; align=&#8221;center&#8221; align_tablet=&#8221;center&#8221; align_last_edited=&#8221;on|desktop&#8221; admin_label=&#8221;G\u00f6r\u00fcnt\u00fc&#8221; _builder_version=&#8221;3.23&#8243; animation_style=&#8221;slide&#8221; animation_direction=&#8221;left&#8221; animation_duration=&#8221;500ms&#8221; animation_intensity_slide=&#8221;10%&#8221; use_border_color=&#8221;off&#8221; border_color=&#8221;#ffffff&#8221; border_style=&#8221;solid&#8221; animation=&#8221;left&#8221; sticky=&#8221;off&#8221; always_center_on_mobile=&#8221;on&#8221;] [\/et_pb_image][\/et_pb_column][et_pb_column type=&#8221;1_2&#8243; _builder_version=&#8221;3.25&#8243; custom_padding=&#8221;|||&#8221; custom_padding__hover=&#8221;|||&#8221;][et_pb_blurb use_icon=&#8221;on&#8221; font_icon=&#8221;%%282%%&#8221; icon_color=&#8221;#e09900&#8243; use_circle=&#8221;on&#8221; circle_color=&#8221;#ffffff&#8221; use_circle_border=&#8221;on&#8221; circle_border_color=&#8221;#e09900&#8243; icon_placement=&#8221;left&#8221; admin_label=&#8221;\u00ddlan&#8221; _builder_version=&#8221;3.0.87&#8243; background_size=&#8221;initial&#8221; background_position=&#8221;top_left&#8221; background_repeat=&#8221;repeat&#8221; use_border_color=&#8221;off&#8221; border_color=&#8221;#ffffff&#8221; border_style=&#8221;solid&#8221;]<\/p>\n<h2><b>S\u0130Z\u0130N \u0130\u00c7\u0130N NE YAPAB\u0130L\u0130R\u0130Z?<\/b><\/h2>\n<p>[\/et_pb_blurb][et_pb_text admin_label=&#8221;Metin&#8221; _builder_version=&#8221;3.27.4&#8243; background_size=&#8221;initial&#8221; background_position=&#8221;top_left&#8221; background_repeat=&#8221;repeat&#8221; use_border_color=&#8221;off&#8221; border_color=&#8221;#ffffff&#8221; border_style=&#8221;solid&#8221;]<\/p>\n<p><b>MEDYA \u0130L\u0130\u015eK\u0130LER\u0130 DANI\u015eMANLI\u011eI<\/b><\/p>\n<p>Uzun y\u0131llar ta\u015f\u0131d\u0131\u011f\u0131m\u0131z muhabir kimli\u011fimizin heyecan\u0131 ile \u00fcr\u00fcn ve hizmetlerinize uygun haber i\u00e7eri\u011fi haz\u0131rlayarak bunu yay\u0131n organlar\u0131yla payla\u015f\u0131yoruz. Medya temsilcileriyle ileti\u015fiminizi y\u00f6netiyoruz.<\/p>\n<p><b>MEDYA TAK\u0130P VE ANAL\u0130Z\u0130<\/b><\/p>\n<p>Haber i\u00e7eriklerinin amaca uygun mecrada, do\u011fru zamanda yer almas\u0131n\u0131 sa\u011fl\u0131yoruz. Ve bunun takibini yap\u0131yoruz. Bizimle ayn\u0131 heyecan\u0131 ve mutlulu\u011fu ya\u015fayan yol arkada\u015flar\u0131m\u0131zla medya yans\u0131malar\u0131n\u0131n sonu\u00e7lar\u0131n\u0131 birlikte analiz ederek kutlamaktan keyif al\u0131yoruz.<\/p>\n<p><b>SOSYAL SORUMLULUK PROJELER\u0130<\/b><\/p>\n<p>Toplumun refah\u0131n\u0131 artt\u0131rmak i\u00e7in sadece ticari ama\u00e7l\u0131 yat\u0131r\u0131mlar\u0131 de\u011fil ayn\u0131 zamanda sosyal ve k\u00fclt\u00fcrel alanlardaki sosyal sorumluluklar\u0131n\u0131n da bilincinde olan i\u015fletmelere\/kurumlara yeni sosyal sorumluluk projeleri olu\u015fturuyoruz.<\/p>\n<p>[\/et_pb_text][\/et_pb_column][\/et_pb_row][et_pb_row admin_label=&#8221;Sat\u0131r&#8221; _builder_version=&#8221;3.25&#8243; background_size=&#8221;initial&#8221; background_position=&#8221;top_left&#8221; background_repeat=&#8221;repeat&#8221; column_structure=&#8221;1_3,1_3,1_3&#8243;][et_pb_column type=&#8221;1_3&#8243; _builder_version=&#8221;3.25&#8243; custom_padding=&#8221;|||&#8221; custom_padding__hover=&#8221;|||&#8221;][et_pb_testimonial admin_label=&#8221;Onay&#8221; _builder_version=&#8221;3.2&#8243; background_size=&#8221;initial&#8221; background_position=&#8221;top_left&#8221; background_repeat=&#8221;repeat&#8221; use_border_color=&#8221;off&#8221; border_color=&#8221;#ffffff&#8221; border_style=&#8221;solid&#8221; saved_tabs=&#8221;all&#8221;]Medyaya \u0130sminizi B\u00fcy\u00fck <strong>PUNTO<\/strong>&#8216;larla Yazd\u0131rmak \u0130ster misiniz?<\/p>\n<p>Cevab\u0131n\u0131z &#8220;EVET&#8221; ise Do\u011fru Adrestesiniz.<\/p>\n<p>&nbsp;<\/p>\n<p><img loading=\"lazy\" decoding=\"async\" class=\"wp-image-391 aligncenter\" src=\"http:\/\/www.puntopr.com\/wp-content\/uploads\/2016\/12\/Ekran-Resmi-2017-02-02-12.57.33-300x150.png\" alt=\"\" width=\"442\" height=\"221\" srcset=\"http:\/\/www.puntopr.com\/wp-content\/uploads\/2016\/12\/Ekran-Resmi-2017-02-02-12.57.33-300x150.png 300w, http:\/\/www.puntopr.com\/wp-content\/uploads\/2016\/12\/Ekran-Resmi-2017-02-02-12.57.33-768x385.png 768w, http:\/\/www.puntopr.com\/wp-content\/uploads\/2016\/12\/Ekran-Resmi-2017-02-02-12.57.33.png 990w\" sizes=\"(max-width: 442px) 100vw, 442px\" \/><br \/>\n[\/et_pb_testimonial][\/et_pb_column][et_pb_column type=&#8221;1_3&#8243; _builder_version=&#8221;3.25&#8243; custom_padding=&#8221;|||&#8221; custom_padding__hover=&#8221;|||&#8221;][et_pb_testimonial admin_label=&#8221;Onay&#8221; _builder_version=&#8221;3.2&#8243; background_size=&#8221;initial&#8221; background_position=&#8221;top_left&#8221; background_repeat=&#8221;repeat&#8221; use_border_color=&#8221;off&#8221; border_color=&#8221;#ffffff&#8221; border_style=&#8221;solid&#8221; saved_tabs=&#8221;all&#8221;]Hepsi ve Daha Fazlas\u0131 \u0130\u00e7in Bizimle \u0130rtibata Ge\u00e7in!<\/p>\n<p><img loading=\"lazy\" decoding=\"async\" class=\"alignnone wp-image-389 aligncenter\" src=\"http:\/\/www.puntopr.com\/wp-content\/uploads\/2016\/12\/PRrr-300x253.jpg\" alt=\"\" width=\"224\" height=\"189\" srcset=\"http:\/\/www.puntopr.com\/wp-content\/uploads\/2016\/12\/PRrr-300x253.jpg 300w, http:\/\/www.puntopr.com\/wp-content\/uploads\/2016\/12\/PRrr-768x649.jpg 768w, http:\/\/www.puntopr.com\/wp-content\/uploads\/2016\/12\/PRrr-1024x865.jpg 1024w, http:\/\/www.puntopr.com\/wp-content\/uploads\/2016\/12\/PRrr-1080x912.jpg 1080w, http:\/\/www.puntopr.com\/wp-content\/uploads\/2016\/12\/PRrr.jpg 1301w\" sizes=\"(max-width: 224px) 100vw, 224px\" \/><\/p>\n<p style=\"text-align: center;\"><strong>\u00a0\u00a0<a href=\"mailto:info@puntopr.com\">info@puntopr.com<\/a><\/strong><\/p>\n<p>[\/et_pb_testimonial][\/et_pb_column][et_pb_column type=&#8221;1_3&#8243; _builder_version=&#8221;3.25&#8243; custom_padding=&#8221;|||&#8221; custom_padding__hover=&#8221;|||&#8221;][et_pb_testimonial admin_label=&#8221;Onay&#8221; _builder_version=&#8221;3.2&#8243; background_size=&#8221;initial&#8221; background_position=&#8221;top_left&#8221; background_repeat=&#8221;repeat&#8221; use_border_color=&#8221;off&#8221; border_color=&#8221;#ffffff&#8221; border_style=&#8221;solid&#8221; saved_tabs=&#8221;all&#8221;]Punto PR Doyuran Kareler\u2019 in G\u00f6n\u00fcll\u00fc Medya Ajans\u0131d\u0131r.<\/p>\n<p><img loading=\"lazy\" decoding=\"async\" class=\"alignnone wp-image-277 aligncenter\" src=\"http:\/\/www.puntopr.com\/wp-content\/uploads\/2016\/12\/doyuran-300x259.png\" alt=\"\" width=\"244\" height=\"211\" srcset=\"http:\/\/www.puntopr.com\/wp-content\/uploads\/2016\/12\/doyuran-300x259.png 300w, http:\/\/www.puntopr.com\/wp-content\/uploads\/2016\/12\/doyuran.png 308w\" sizes=\"(max-width: 244px) 100vw, 244px\" \/><br \/>\n[\/et_pb_testimonial][\/et_pb_column][\/et_pb_row][\/et_pb_section]<\/p>\n","protected":false},"excerpt":{"rendered":"<p>Punto PR&#8217; \u0131n Yol Arkada\u015flar\u0131na Kazand\u0131rd\u0131klar\u0131 NEDEN B\u0130Z ? \u00c7\u00fcnk\u00fc, &#8220;haberi en iyi haberciler yapar&#8221; Ulusal bas\u0131n yay\u0131n organlar\u0131nda yer alabilmenin yolu; do\u011fru haberleri haz\u0131rlayarak yay\u0131nc\u0131 kurulu\u015flarda do\u011fru ki\u015filere sunmaktan ge\u00e7mektedir. Punto PR, haberin i\u00e7inden gelen ekibiyle size hem i\u015fletmenizin mevcut projeleri ve geli\u015fen imkanlar\u0131n\u0131n nas\u0131l haber olmas\u0131 gerekti\u011fi konusunda dan\u0131\u015fmanl\u0131k verir hem de bu [&hellip;]<\/p>\n","protected":false},"author":1,"featured_media":0,"parent":0,"menu_order":0,"comment_status":"closed","ping_status":"closed","template":"","meta":{"_et_pb_use_builder":"on","_et_pb_old_content":"","_et_gb_content_width":"","footnotes":""},"_links":{"self":[{"href":"http:\/\/www.puntopr.com\/index.php\/wp-json\/wp\/v2\/pages\/67"}],"collection":[{"href":"http:\/\/www.puntopr.com\/index.php\/wp-json\/wp\/v2\/pages"}],"about":[{"href":"http:\/\/www.puntopr.com\/index.php\/wp-json\/wp\/v2\/types\/page"}],"author":[{"embeddable":true,"href":"http:\/\/www.puntopr.com\/index.php\/wp-json\/wp\/v2\/users\/1"}],"replies":[{"embeddable":true,"href":"http:\/\/www.puntopr.com\/index.php\/wp-json\/wp\/v2\/comments?post=67"}],"version-history":[{"count":81,"href":"http:\/\/www.puntopr.com\/index.php\/wp-json\/wp\/v2\/pages\/67\/revisions"}],"predecessor-version":[{"id":446,"href":"http:\/\/www.puntopr.com\/index.php\/wp-json\/wp\/v2\/pages\/67\/revisions\/446"}],"wp:attachment":[{"href":"http:\/\/www.puntopr.com\/index.php\/wp-json\/wp\/v2\/media?parent=67"}],"curies":[{"name":"wp","href":"https:\/\/api.w.org\/{rel}","templated":true}]}}